{"id":897,"date":"2023-01-31T14:00:23","date_gmt":"2023-01-31T20:00:23","guid":{"rendered":"https:\/\/jihoweb.org\/formulario-de-aplicacion-en-linea\/cuota-de-inscripcion\/"},"modified":"2023-04-13T17:49:31","modified_gmt":"2023-04-13T22:49:31","slug":"cuota-de-inscripcion","status":"publish","type":"page","link":"https:\/\/jihoweb.org\/es\/formulario-de-aplicacion-en-linea\/cuota-de-inscripcion\/","title":{"rendered":"Cuota de inscripci\u00f3n"},"content":{"rendered":"\t\t<div data-elementor-type=\"wp-page\" data-elementor-id=\"897\" class=\"elementor elementor-897 elementor-775\">\n\t\t\t\t\t\t\t\t\t<section class=\"elementor-section elementor-top-section elementor-element elementor-element-de93c6a elementor-section-height-full elementor-section-boxed elementor-section-height-default elementor-section-items-middle\" data-id=\"de93c6a\" data-element_type=\"section\">\n\t\t\t\t\t\t<div class=\"elementor-container elementor-column-gap-default\">\n\t\t\t\t\t<div class=\"elementor-column elementor-col-100 elementor-top-column elementor-element elementor-element-ca4dcdd\" data-id=\"ca4dcdd\" data-element_type=\"column\">\n\t\t\t<div class=\"elementor-widget-wrap elementor-element-populated\">\n\t\t\t\t\t\t\t\t<div class=\"elementor-element elementor-element-1d74324 elementor-widget elementor-widget-image\" data-id=\"1d74324\" data-element_type=\"widget\" data-widget_type=\"image.default\">\n\t\t\t\t<div class=\"elementor-widget-container\">\n\t\t\t<style>\/*! elementor - v3.12.1 - 02-04-2023 *\/\n.elementor-widget-image{text-align:center}.elementor-widget-image a{display:inline-block}.elementor-widget-image a img[src$=\".svg\"]{width:48px}.elementor-widget-image img{vertical-align:middle;display:inline-block}<\/style>\t\t\t\t\t\t\t\t\t\t\t\t<img loading=\"lazy\" decoding=\"async\" width=\"800\" height=\"421\" src=\"https:\/\/jihoweb.org\/wp-content\/uploads\/2023\/02\/jiho-logo-vert-1.png\" class=\"attachment-full size-full wp-image-916\" alt=\"\" srcset=\"https:\/\/jihoweb.org\/wp-content\/uploads\/2023\/02\/jiho-logo-vert-1.png 800w, https:\/\/jihoweb.org\/wp-content\/uploads\/2023\/02\/jiho-logo-vert-1-300x158.png 300w, https:\/\/jihoweb.org\/wp-content\/uploads\/2023\/02\/jiho-logo-vert-1-768x404.png 768w\" sizes=\"(max-width: 800px) 100vw, 800px\" \/>\t\t\t\t\t\t\t\t\t\t\t\t\t\t\t<\/div>\n\t\t\t\t<\/div>\n\t\t\t\t<div class=\"elementor-element elementor-element-8b19e35 elementor-widget elementor-widget-text-editor\" data-id=\"8b19e35\" data-element_type=\"widget\" data-widget_type=\"text-editor.default\">\n\t\t\t\t<div class=\"elementor-widget-container\">\n\t\t\t<style>\/*! elementor - v3.12.1 - 02-04-2023 *\/\n.elementor-widget-text-editor.elementor-drop-cap-view-stacked .elementor-drop-cap{background-color:#69727d;color:#fff}.elementor-widget-text-editor.elementor-drop-cap-view-framed .elementor-drop-cap{color:#69727d;border:3px solid;background-color:transparent}.elementor-widget-text-editor:not(.elementor-drop-cap-view-default) .elementor-drop-cap{margin-top:8px}.elementor-widget-text-editor:not(.elementor-drop-cap-view-default) .elementor-drop-cap-letter{width:1em;height:1em}.elementor-widget-text-editor .elementor-drop-cap{float:left;text-align:center;line-height:1;font-size:50px}.elementor-widget-text-editor .elementor-drop-cap-letter{display:inline-block}<\/style>\t\t\t\t<p>Para completar el proceso de solicitud, aseg\u00farese de pagar la cuota de inscripci\u00f3n haciendo clic en el bot\u00f3n de abajo.<\/p>\n\t\t\t\t\t\t<\/div>\n\t\t\t\t<\/div>\n\t\t\t\t<div class=\"elementor-element elementor-element-12efef4 elementor-widget elementor-widget-html\" data-id=\"12efef4\" data-element_type=\"widget\" data-widget_type=\"html.default\">\n\t\t\t\t<div class=\"elementor-widget-container\">\n\t\t\t<center><form name=\"PrePage\" method=\"post\" action=\"https:\/\/Simplecheckout.authorize.net\/payment\/CatalogPayment.aspx\" target=\"_blank\"> <input type=\"hidden\" name=\"LinkId\" value=\"b7102686-5ab9-4075-a8a3-6a33d0f551eb\"> <input class=\"button payment-btn\" type=\"submit\" value=\"Pagar la cuota de inscripci\u00f3n\"> <\/form><\/center>\t\t<\/div>\n\t\t\t\t<\/div>\n\t\t\t\t<div class=\"elementor-element elementor-element-8845cd6 elementor-widget elementor-widget-text-editor\" data-id=\"8845cd6\" data-element_type=\"widget\" data-widget_type=\"text-editor.default\">\n\t\t\t\t<div class=\"elementor-widget-container\">\n\t\t\t\t\t\t\t<p><em>NOTA: No olvide regresar al formulario para adjuntar su recibo de pago y finalizar el env\u00edo de su solicitud.<\/em><\/p>\t\t\t\t\t\t<\/div>\n\t\t\t\t<\/div>\n\t\t\t\t\t<\/div>\n\t\t<\/div>\n\t\t\t\t\t\t\t<\/div>\n\t\t<\/section>\n\t\t\t\t\t\t\t<\/div>\n\t\t","protected":false},"excerpt":{"rendered":"<p>Para completar el proceso de solicitud, aseg\u00farese de pagar la cuota de inscripci\u00f3n haciendo clic en el bot\u00f3n de abajo. NOTA: No olvide regresar al formulario para adjuntar su recibo [&hellip;]<\/p>\n","protected":false},"author":1,"featured_media":0,"parent":890,"menu_order":0,"comment_status":"closed","ping_status":"closed","template":"elementor_canvas","meta":{"footnotes":""},"_links":{"self":[{"href":"https:\/\/jihoweb.org\/es\/wp-json\/wp\/v2\/pages\/897"}],"collection":[{"href":"https:\/\/jihoweb.org\/es\/wp-json\/wp\/v2\/pages"}],"about":[{"href":"https:\/\/jihoweb.org\/es\/wp-json\/wp\/v2\/types\/page"}],"author":[{"embeddable":true,"href":"https:\/\/jihoweb.org\/es\/wp-json\/wp\/v2\/users\/1"}],"replies":[{"embeddable":true,"href":"https:\/\/jihoweb.org\/es\/wp-json\/wp\/v2\/comments?post=897"}],"version-history":[{"count":11,"href":"https:\/\/jihoweb.org\/es\/wp-json\/wp\/v2\/pages\/897\/revisions"}],"predecessor-version":[{"id":1076,"href":"https:\/\/jihoweb.org\/es\/wp-json\/wp\/v2\/pages\/897\/revisions\/1076"}],"up":[{"embeddable":true,"href":"https:\/\/jihoweb.org\/es\/wp-json\/wp\/v2\/pages\/890"}],"wp:attachment":[{"href":"https:\/\/jihoweb.org\/es\/wp-json\/wp\/v2\/media?parent=897"}],"curies":[{"name":"wp","href":"https:\/\/api.w.org\/{rel}","templated":true}]}}