{"id":872,"date":"2022-12-16T00:16:22","date_gmt":"2022-12-16T06:16:22","guid":{"rendered":"https:\/\/jihoweb.org\/manual-de-candidato\/"},"modified":"2025-10-10T11:37:42","modified_gmt":"2025-10-10T16:37:42","slug":"manual-de-candidato","status":"publish","type":"page","link":"https:\/\/jihoweb.org\/es\/manual-de-candidato\/","title":{"rendered":"Manual de Candidato"},"content":{"rendered":"\t\t<div data-elementor-type=\"wp-page\" data-elementor-id=\"872\" class=\"elementor elementor-872 elementor-173\">\n\t\t\t\t\t\t\t\t\t<section class=\"elementor-section elementor-top-section elementor-element elementor-element-52a3df7a elementor-section-height-min-height elementor-section-stretched elementor-section-boxed elementor-section-height-default elementor-section-items-middle\" data-id=\"52a3df7a\" data-element_type=\"section\" data-settings=\"{&quot;background_background&quot;:&quot;classic&quot;,&quot;stretch_section&quot;:&quot;section-stretched&quot;}\">\n\t\t\t\t\t\t<div class=\"elementor-container elementor-column-gap-default\">\n\t\t\t\t\t<div class=\"elementor-column elementor-col-100 elementor-top-column elementor-element elementor-element-2be04846\" data-id=\"2be04846\" data-element_type=\"column\">\n\t\t\t<div class=\"elementor-widget-wrap elementor-element-populated\">\n\t\t\t\t\t\t\t\t<section class=\"elementor-section elementor-inner-section elementor-element elementor-element-3d709d47 elementor-section-boxed elementor-section-height-default elementor-section-height-default\" data-id=\"3d709d47\" data-element_type=\"section\">\n\t\t\t\t\t\t<div class=\"elementor-container elementor-column-gap-default\">\n\t\t\t\t\t<div class=\"elementor-column elementor-col-100 elementor-inner-column elementor-element elementor-element-7b560074\" data-id=\"7b560074\" data-element_type=\"column\">\n\t\t\t<div class=\"elementor-widget-wrap elementor-element-populated\">\n\t\t\t\t\t\t\t\t<div class=\"elementor-element elementor-element-3ffb0614 elementor-widget elementor-widget-heading\" data-id=\"3ffb0614\" data-element_type=\"widget\" data-widget_type=\"heading.default\">\n\t\t\t\t<div class=\"elementor-widget-container\">\n\t\t\t<style>\/*! elementor - v3.12.1 - 02-04-2023 *\/\n.elementor-heading-title{padding:0;margin:0;line-height:1}.elementor-widget-heading .elementor-heading-title[class*=elementor-size-]>a{color:inherit;font-size:inherit;line-height:inherit}.elementor-widget-heading .elementor-heading-title.elementor-size-small{font-size:15px}.elementor-widget-heading .elementor-heading-title.elementor-size-medium{font-size:19px}.elementor-widget-heading .elementor-heading-title.elementor-size-large{font-size:29px}.elementor-widget-heading .elementor-heading-title.elementor-size-xl{font-size:39px}.elementor-widget-heading .elementor-heading-title.elementor-size-xxl{font-size:59px}<\/style><h1 class=\"elementor-heading-title elementor-size-xxl\">Manual de Candidato\n<\/h1>\t\t<\/div>\n\t\t\t\t<\/div>\n\t\t\t\t\t<\/div>\n\t\t<\/div>\n\t\t\t\t\t\t\t<\/div>\n\t\t<\/section>\n\t\t\t\t\t<\/div>\n\t\t<\/div>\n\t\t\t\t\t\t\t<\/div>\n\t\t<\/section>\n\t\t\t\t<section class=\"elementor-section elementor-top-section elementor-element elementor-element-9a07707 elementor-section-boxed elementor-section-height-default elementor-section-height-default\" data-id=\"9a07707\" data-element_type=\"section\">\n\t\t\t\t\t\t<div class=\"elementor-container elementor-column-gap-default\">\n\t\t\t\t\t<div class=\"elementor-column elementor-col-100 elementor-top-column elementor-element elementor-element-8d06fc5\" data-id=\"8d06fc5\" data-element_type=\"column\">\n\t\t\t<div class=\"elementor-widget-wrap elementor-element-populated\">\n\t\t\t\t\t\t\t\t<div class=\"elementor-element elementor-element-dc200b9 elementor-widget elementor-widget-text-editor\" data-id=\"dc200b9\" data-element_type=\"widget\" data-widget_type=\"text-editor.default\">\n\t\t\t\t<div class=\"elementor-widget-container\">\n\t\t\t<style>\/*! elementor - v3.12.1 - 02-04-2023 *\/\n.elementor-widget-text-editor.elementor-drop-cap-view-stacked .elementor-drop-cap{background-color:#69727d;color:#fff}.elementor-widget-text-editor.elementor-drop-cap-view-framed .elementor-drop-cap{color:#69727d;border:3px solid;background-color:transparent}.elementor-widget-text-editor:not(.elementor-drop-cap-view-default) .elementor-drop-cap{margin-top:8px}.elementor-widget-text-editor:not(.elementor-drop-cap-view-default) .elementor-drop-cap-letter{width:1em;height:1em}.elementor-widget-text-editor .elementor-drop-cap{float:left;text-align:center;line-height:1;font-size:50px}.elementor-widget-text-editor .elementor-drop-cap-letter{display:inline-block}<\/style>\t\t\t\t<p>El Certificado de Higienista Ocupacional (HOC) es la norma mundial para la certificaci\u00f3n de las competencias de los Higienistas Ocupacionales que permite a los profesionales de la salud y la seguridad en el trabajo tener los conocimientos aplicados para poder anticipar, reconocer, evaluar y controlar los peligros qu\u00edmicos, f\u00edsicos y biol\u00f3gicos en el contexto laboral.<\/p><p>Si Ud. quiere conocer los requisitos y condiciones para aspirar a obtener el HOC, debe leer el <a href=\"https:\/\/jihoweb.org\/wp-content\/uploads\/2025\/10\/090325-Candidate-Manual-HOC-II-sp-Ver-6.pdf\" target=\"_blank\" rel=\"noopener\">Manual del Candidato<\/a>.<\/p><p>El programa de certificaci\u00f3n HOC le permite establecer su nivel de conocimientos y habilidades profesionales en salud y seguridad en el trabajo en el campo de la higiene ocupacional. La credencial HOC es un est\u00e1ndar global que s\u00f3lo se otorga a quienes cumplen los requisitos de formaci\u00f3n y experiencia, adem\u00e1s de superar con \u00e9xito un examen escrito \u00edntegramente en espa\u00f1ol, requisitos establecidos por la Junta Iberoamericana de Higiene Ocupacional (JIHO), reconocida por la Asociaci\u00f3n Internacional de Higiene Ocupacional (IOHA).<\/p>\t\t\t\t\t\t<\/div>\n\t\t\t\t<\/div>\n\t\t\t\t<section class=\"elementor-section elementor-inner-section elementor-element elementor-element-bfbd887 elementor-section-boxed elementor-section-height-default elementor-section-height-default\" data-id=\"bfbd887\" data-element_type=\"section\">\n\t\t\t\t\t\t<div class=\"elementor-container elementor-column-gap-default\">\n\t\t\t\t\t<div class=\"elementor-column elementor-col-100 elementor-inner-column elementor-element elementor-element-5bed462\" data-id=\"5bed462\" data-element_type=\"column\">\n\t\t\t<div class=\"elementor-widget-wrap elementor-element-populated\">\n\t\t\t\t\t\t\t\t<div class=\"elementor-element elementor-element-f944319 elementor-align-center elementor-widget elementor-widget-button\" data-id=\"f944319\" data-element_type=\"widget\" data-widget_type=\"button.default\">\n\t\t\t\t<div class=\"elementor-widget-container\">\n\t\t\t\t\t<div class=\"elementor-button-wrapper\">\n\t\t\t<a href=\"https:\/\/jihoweb.org\/wp-content\/uploads\/2025\/10\/090325-Candidate-Manual-HOC-II-sp-Ver-6.pdf\" target=\"_blank\" class=\"elementor-button-link elementor-button elementor-size-sm\" role=\"button\">\n\t\t\t\t\t\t<span class=\"elementor-button-content-wrapper\">\n\t\t\t\t\t\t\t<span class=\"elementor-button-icon elementor-align-icon-left\">\n\t\t\t\t<i aria-hidden=\"true\" class=\"fas fa-file-download\"><\/i>\t\t\t<\/span>\n\t\t\t\t\t\t<span class=\"elementor-button-text\">Manual de Candidato<\/span>\n\t\t<\/span>\n\t\t\t\t\t<\/a>\n\t\t<\/div>\n\t\t\t\t<\/div>\n\t\t\t\t<\/div>\n\t\t\t\t\t<\/div>\n\t\t<\/div>\n\t\t\t\t\t\t\t<\/div>\n\t\t<\/section>\n\t\t\t\t\t<\/div>\n\t\t<\/div>\n\t\t\t\t\t\t\t<\/div>\n\t\t<\/section>\n\t\t\t\t\t\t\t<\/div>\n\t\t","protected":false},"excerpt":{"rendered":"<p>Manual de Candidato El Certificado de Higienista Ocupacional (HOC) es la norma mundial para la certificaci\u00f3n de las competencias de los Higienistas Ocupacionales que permite a los profesionales de la [&hellip;]<\/p>\n","protected":false},"author":1,"featured_media":0,"parent":0,"menu_order":0,"comment_status":"closed","ping_status":"closed","template":"","meta":{"footnotes":""},"_links":{"self":[{"href":"https:\/\/jihoweb.org\/es\/wp-json\/wp\/v2\/pages\/872"}],"collection":[{"href":"https:\/\/jihoweb.org\/es\/wp-json\/wp\/v2\/pages"}],"about":[{"href":"https:\/\/jihoweb.org\/es\/wp-json\/wp\/v2\/types\/page"}],"author":[{"embeddable":true,"href":"https:\/\/jihoweb.org\/es\/wp-json\/wp\/v2\/users\/1"}],"replies":[{"embeddable":true,"href":"https:\/\/jihoweb.org\/es\/wp-json\/wp\/v2\/comments?post=872"}],"version-history":[{"count":35,"href":"https:\/\/jihoweb.org\/es\/wp-json\/wp\/v2\/pages\/872\/revisions"}],"predecessor-version":[{"id":1254,"href":"https:\/\/jihoweb.org\/es\/wp-json\/wp\/v2\/pages\/872\/revisions\/1254"}],"wp:attachment":[{"href":"https:\/\/jihoweb.org\/es\/wp-json\/wp\/v2\/media?parent=872"}],"curies":[{"name":"wp","href":"https:\/\/api.w.org\/{rel}","templated":true}]}}